{"id":922,"date":"2020-03-02T12:33:37","date_gmt":"2020-03-02T12:33:37","guid":{"rendered":"http:\/\/p1.winandoffice.com\/?page_id=922"},"modified":"2020-08-26T16:27:21","modified_gmt":"2020-08-26T16:27:21","slug":"inicio","status":"publish","type":"page","link":"https:\/\/programs.windowsandoffice.com\/de\/","title":{"rendered":"Startseite"},"content":{"rendered":"<div data-elementor-type=\"wp-page\" data-elementor-id=\"922\" class=\"elementor elementor-922\">\n\t\t\t\t\t\t<section class=\"elementor-section elementor-top-section elementor-element elementor-element-eb00f2c elementor-section-boxed elementor-section-height-default elementor-section-height-default\" data-id=\"eb00f2c\" data-element_type=\"section\">\n\t\t\t\t\t\t<div class=\"elementor-container elementor-column-gap-default\">\n\t\t\t\t\t<div class=\"elementor-column elementor-col-100 elementor-top-column elementor-element elementor-element-1f6f3e1\" data-id=\"1f6f3e1\" data-element_type=\"column\">\n\t\t\t<div class=\"elementor-widget-wrap elementor-element-populated\">\n\t\t\t\t\t\t<div class=\"elementor-element elementor-element-6708c84 elementor-invisible elementor-widget elementor-widget-heading\" data-id=\"6708c84\" data-element_type=\"widget\" data-settings=\"{&quot;_animation&quot;:&quot;zoomIn&quot;}\" data-widget_type=\"heading.default\">\n\t\t\t\t<div class=\"elementor-widget-container\">\n\t\t\t\t\t<h2 class=\"elementor-heading-title elementor-size-default\">WINDOWS &amp; OFFICE PROGRAMS<\/h2>\t\t\t\t<\/div>\n\t\t\t\t<\/div>\n\t\t\t\t<div class=\"elementor-element elementor-element-2dd874c elementor-invisible elementor-widget elementor-widget-text-editor\" data-id=\"2dd874c\" data-element_type=\"widget\" data-settings=\"{&quot;_animation&quot;:&quot;fadeIn&quot;}\" data-widget_type=\"text-editor.default\">\n\t\t\t\t<div class=\"elementor-widget-container\">\n\t\t\t\t\t\t\t\t\t<div class=\"section-description\"><div class=\"text-wrap tlid-copy-target\"><div class=\"result-shield-container tlid-copy-target\" tabindex=\"0\"><span class=\"tlid-translation translation\" lang=\"es\"><span title=\"\">Schlie\u00dfen Sie sich der Windows &amp; Office-Familie an, indem Sie sich bei unseren Programmen anmelden, um interessante Rabatte zu erhalten oder die Chance bekommen, zus\u00e4tzliches Geld zu verdienen.<\/span><\/span><\/div><\/div><div class=\"tlid-result-transliteration-container result-transliteration-container transliteration-container\"><div class=\"tlid-transliteration-content transliteration-content full\">\u00a0<\/div><\/div><\/div>\t\t\t\t\t\t\t\t<\/div>\n\t\t\t\t<\/div>\n\t\t\t\t\t<\/div>\n\t\t<\/div>\n\t\t\t\t\t<\/div>\n\t\t<\/section>\n\t\t\t\t<section class=\"elementor-section elementor-top-section elementor-element elementor-element-742976b elementor-section-boxed elementor-section-height-default elementor-section-height-default\" data-id=\"742976b\" data-element_type=\"section\">\n\t\t\t\t\t\t<div class=\"elementor-container elementor-column-gap-default\">\n\t\t\t\t\t<div class=\"elementor-column elementor-col-25 elementor-top-column elementor-element elementor-element-224243f\" data-id=\"224243f\" data-element_type=\"column\">\n\t\t\t<div class=\"elementor-widget-wrap elementor-element-populated\">\n\t\t\t\t\t\t<div class=\"elementor-element elementor-element-7dbecad elementor-invisible elementor-widget elementor-widget-image\" data-id=\"7dbecad\" data-element_type=\"widget\" data-settings=\"{&quot;_animation&quot;:&quot;fadeInLeft&quot;}\" data-widget_type=\"image.default\">\n\t\t\t\t<div class=\"elementor-widget-container\">\n\t\t\t\t\t\t\t\t\t\t\t\t\t\t\t\t<a href=\"https:\/\/programs.windowsandoffice.com\/de\/partner-id\/\">\n\t\t\t\t\t\t\t<img fetchpriority=\"high\" decoding=\"async\" width=\"300\" height=\"300\" src=\"https:\/\/programs.windowsandoffice.com\/wp-content\/uploads\/2020\/03\/partner-id-300x300-1.jpg\" class=\"attachment-large size-large wp-image-941\" alt=\"\" srcset=\"https:\/\/programs.windowsandoffice.com\/wp-content\/uploads\/2020\/03\/partner-id-300x300-1.jpg 300w, https:\/\/programs.windowsandoffice.com\/wp-content\/uploads\/2020\/03\/partner-id-300x300-1-150x150.jpg 150w\" sizes=\"(max-width: 300px) 100vw, 300px\" \/>\t\t\t\t\t\t\t\t<\/a>\n\t\t\t\t\t\t\t\t\t\t\t\t\t\t\t<\/div>\n\t\t\t\t<\/div>\n\t\t\t\t\t<\/div>\n\t\t<\/div>\n\t\t\t\t<div class=\"elementor-column elementor-col-25 elementor-top-column elementor-element elementor-element-0dfc452\" data-id=\"0dfc452\" data-element_type=\"column\">\n\t\t\t<div class=\"elementor-widget-wrap elementor-element-populated\">\n\t\t\t\t\t\t<div class=\"elementor-element elementor-element-9312b4b elementor-invisible elementor-widget elementor-widget-heading\" data-id=\"9312b4b\" data-element_type=\"widget\" data-settings=\"{&quot;_animation&quot;:&quot;fadeInLeft&quot;}\" data-widget_type=\"heading.default\">\n\t\t\t\t<div class=\"elementor-widget-container\">\n\t\t\t\t\t<h2 class=\"elementor-heading-title elementor-size-default\">Partner-ID<\/h2>\t\t\t\t<\/div>\n\t\t\t\t<\/div>\n\t\t\t\t<div class=\"elementor-element elementor-element-034b8e4 elementor-invisible elementor-widget elementor-widget-text-editor\" data-id=\"034b8e4\" data-element_type=\"widget\" data-settings=\"{&quot;_animation&quot;:&quot;fadeInLeft&quot;}\" data-widget_type=\"text-editor.default\">\n\t\t\t\t<div class=\"elementor-widget-container\">\n\t\t\t\t\t\t\t\t\t<ul>\n<li style=\"text-align: left;\">Windows &amp; Office ist ein zertifizierter Microsoft-Partner. Dies bietet uns viele Vorteile und spezielle Services. Mit diesem Plan m\u00f6chten wir diese Vorteile mit Kunden teilen, die an einer Microsoft-Partnerzertifizierung interessiert sind. <br><\/li>\n<\/ul>\n<ul>\n<\/ul>\t\t\t\t\t\t\t\t<\/div>\n\t\t\t\t<\/div>\n\t\t\t\t<div class=\"elementor-element elementor-element-ccff6f9 elementor-invisible elementor-widget elementor-widget-button\" data-id=\"ccff6f9\" data-element_type=\"widget\" data-settings=\"{&quot;_animation&quot;:&quot;fadeInLeft&quot;}\" data-widget_type=\"button.default\">\n\t\t\t\t<div class=\"elementor-widget-container\">\n\t\t\t\t\t\t\t\t\t<div class=\"elementor-button-wrapper\">\n\t\t\t\t\t<a class=\"elementor-button elementor-button-link elementor-size-sm\" href=\"https:\/\/programs.windowsandoffice.com\/de\/partner-id\/\">\n\t\t\t\t\t\t<span class=\"elementor-button-content-wrapper\">\n\t\t\t\t\t\t\t\t\t<span class=\"elementor-button-text\">Mehr erfahren<\/span>\n\t\t\t\t\t<\/span>\n\t\t\t\t\t<\/a>\n\t\t\t\t<\/div>\n\t\t\t\t\t\t\t\t<\/div>\n\t\t\t\t<\/div>\n\t\t\t\t\t<\/div>\n\t\t<\/div>\n\t\t\t\t<div class=\"elementor-column elementor-col-25 elementor-top-column elementor-element elementor-element-e9c3266\" data-id=\"e9c3266\" data-element_type=\"column\">\n\t\t\t<div class=\"elementor-widget-wrap elementor-element-populated\">\n\t\t\t\t\t\t<div class=\"elementor-element elementor-element-2a1a562 elementor-invisible elementor-widget elementor-widget-image\" data-id=\"2a1a562\" data-element_type=\"widget\" data-settings=\"{&quot;_animation&quot;:&quot;fadeInDown&quot;}\" data-widget_type=\"image.default\">\n\t\t\t\t<div class=\"elementor-widget-container\">\n\t\t\t\t\t\t\t\t\t\t\t\t\t\t\t\t<a href=\"https:\/\/programs.windowsandoffice.com\/de\/affiliate\/\">\n\t\t\t\t\t\t\t<img decoding=\"async\" width=\"300\" height=\"300\" src=\"https:\/\/programs.windowsandoffice.com\/wp-content\/uploads\/2020\/03\/affiliate-300x300-1.jpg\" class=\"attachment-large size-large wp-image-940\" alt=\"\" srcset=\"https:\/\/programs.windowsandoffice.com\/wp-content\/uploads\/2020\/03\/affiliate-300x300-1.jpg 300w, https:\/\/programs.windowsandoffice.com\/wp-content\/uploads\/2020\/03\/affiliate-300x300-1-150x150.jpg 150w\" sizes=\"(max-width: 300px) 100vw, 300px\" \/>\t\t\t\t\t\t\t\t<\/a>\n\t\t\t\t\t\t\t\t\t\t\t\t\t\t\t<\/div>\n\t\t\t\t<\/div>\n\t\t\t\t\t<\/div>\n\t\t<\/div>\n\t\t\t\t<div class=\"elementor-column elementor-col-25 elementor-top-column elementor-element elementor-element-348f023\" data-id=\"348f023\" data-element_type=\"column\">\n\t\t\t<div class=\"elementor-widget-wrap elementor-element-populated\">\n\t\t\t\t\t\t<div class=\"elementor-element elementor-element-799d70c elementor-invisible elementor-widget elementor-widget-heading\" data-id=\"799d70c\" data-element_type=\"widget\" data-settings=\"{&quot;_animation&quot;:&quot;fadeInDown&quot;}\" data-widget_type=\"heading.default\">\n\t\t\t\t<div class=\"elementor-widget-container\">\n\t\t\t\t\t<h2 class=\"elementor-heading-title elementor-size-default\">Affiliate<\/h2>\t\t\t\t<\/div>\n\t\t\t\t<\/div>\n\t\t\t\t<div class=\"elementor-element elementor-element-06473cf elementor-invisible elementor-widget elementor-widget-text-editor\" data-id=\"06473cf\" data-element_type=\"widget\" data-settings=\"{&quot;_animation&quot;:&quot;fadeInDown&quot;}\" data-widget_type=\"text-editor.default\">\n\t\t\t\t<div class=\"elementor-widget-container\">\n\t\t\t\t\t\t\t\t\t<ul>\n<li>Wir bieten interessierten Kunden einen eigenen virtuellen Shop, der mit unerem Webshop vernetzt ist. Sie haben dann die M\u00f6glichkeit unsere Produkte zu verkaufen. Wir \u00fcbernehmen den Versand sowie die Kundenbetreuung und Sie bekommen f\u00fcr jeden verkauften Artikel eine Provision.<\/li>\n<\/ul>\t\t\t\t\t\t\t\t<\/div>\n\t\t\t\t<\/div>\n\t\t\t\t<div class=\"elementor-element elementor-element-590d2c5 elementor-invisible elementor-widget elementor-widget-button\" data-id=\"590d2c5\" data-element_type=\"widget\" data-settings=\"{&quot;_animation&quot;:&quot;fadeInDown&quot;}\" data-widget_type=\"button.default\">\n\t\t\t\t<div class=\"elementor-widget-container\">\n\t\t\t\t\t\t\t\t\t<div class=\"elementor-button-wrapper\">\n\t\t\t\t\t<a class=\"elementor-button elementor-button-link elementor-size-sm\" href=\"https:\/\/programs.windowsandoffice.com\/de\/affiliate\/\">\n\t\t\t\t\t\t<span class=\"elementor-button-content-wrapper\">\n\t\t\t\t\t\t\t\t\t<span class=\"elementor-button-text\">Mehr erfahren<\/span>\n\t\t\t\t\t<\/span>\n\t\t\t\t\t<\/a>\n\t\t\t\t<\/div>\n\t\t\t\t\t\t\t\t<\/div>\n\t\t\t\t<\/div>\n\t\t\t\t\t<\/div>\n\t\t<\/div>\n\t\t\t\t\t<\/div>\n\t\t<\/section>\n\t\t\t\t<section class=\"elementor-section elementor-top-section elementor-element elementor-element-5a84a6f elementor-section-boxed elementor-section-height-default elementor-section-height-default\" data-id=\"5a84a6f\" data-element_type=\"section\">\n\t\t\t\t\t\t<div class=\"elementor-container elementor-column-gap-default\">\n\t\t\t\t\t<div class=\"elementor-column elementor-col-100 elementor-top-column elementor-element elementor-element-82481dc\" data-id=\"82481dc\" data-element_type=\"column\">\n\t\t\t<div class=\"elementor-widget-wrap elementor-element-populated\">\n\t\t\t\t\t\t<div class=\"elementor-element elementor-element-6a63b42 elementor-widget-divider--view-line elementor-widget elementor-widget-divider\" data-id=\"6a63b42\" data-element_type=\"widget\" data-widget_type=\"divider.default\">\n\t\t\t\t<div class=\"elementor-widget-container\">\n\t\t\t\t\t\t\t<div class=\"elementor-divider\">\n\t\t\t<span class=\"elementor-divider-separator\">\n\t\t\t\t\t\t<\/span>\n\t\t<\/div>\n\t\t\t\t\t\t<\/div>\n\t\t\t\t<\/div>\n\t\t\t\t\t<\/div>\n\t\t<\/div>\n\t\t\t\t\t<\/div>\n\t\t<\/section>\n\t\t\t\t<section class=\"elementor-section elementor-top-section elementor-element elementor-element-0144dad elementor-section-boxed elementor-section-height-default elementor-section-height-default\" data-id=\"0144dad\" data-element_type=\"section\">\n\t\t\t\t\t\t<div class=\"elementor-container elementor-column-gap-default\">\n\t\t\t\t\t<div class=\"elementor-column elementor-col-25 elementor-top-column elementor-element elementor-element-c4c56e3\" data-id=\"c4c56e3\" data-element_type=\"column\">\n\t\t\t<div class=\"elementor-widget-wrap elementor-element-populated\">\n\t\t\t\t\t\t<div class=\"elementor-element elementor-element-76352b8 elementor-invisible elementor-widget elementor-widget-heading\" data-id=\"76352b8\" data-element_type=\"widget\" data-settings=\"{&quot;_animation&quot;:&quot;fadeInUp&quot;}\" data-widget_type=\"heading.default\">\n\t\t\t\t<div class=\"elementor-widget-container\">\n\t\t\t\t\t<h2 class=\"elementor-heading-title elementor-size-default\">CashAdvance<\/h2>\t\t\t\t<\/div>\n\t\t\t\t<\/div>\n\t\t\t\t<div class=\"elementor-element elementor-element-2f5f379 elementor-invisible elementor-widget elementor-widget-text-editor\" data-id=\"2f5f379\" data-element_type=\"widget\" data-settings=\"{&quot;_animation&quot;:&quot;fadeInUp&quot;}\" data-widget_type=\"text-editor.default\">\n\t\t\t\t<div class=\"elementor-widget-container\">\n\t\t\t\t\t\t\t\t\t<ul><li>Der Windows &amp; Office Nutzer soll in seinem Konto einen Betrag von mindestens 1000 Euro einzahlen, mit welchem unsere Produkte eingekauft werden. Dieser registrierte und verifizierte Kunde erh\u00e4lt dann einen 10% Rabatt auf alle unserer Artikel, der Versand erfolgt auch in einer besonders kurzen Zeit.<\/li><\/ul>\t\t\t\t\t\t\t\t<\/div>\n\t\t\t\t<\/div>\n\t\t\t\t<div class=\"elementor-element elementor-element-41b70c2 elementor-align-right elementor-invisible elementor-widget elementor-widget-button\" data-id=\"41b70c2\" data-element_type=\"widget\" data-settings=\"{&quot;_animation&quot;:&quot;fadeInUp&quot;}\" data-widget_type=\"button.default\">\n\t\t\t\t<div class=\"elementor-widget-container\">\n\t\t\t\t\t\t\t\t\t<div class=\"elementor-button-wrapper\">\n\t\t\t\t\t<a class=\"elementor-button elementor-button-link elementor-size-sm\" href=\"https:\/\/programs.windowsandoffice.com\/de\/cash_advance\/\">\n\t\t\t\t\t\t<span class=\"elementor-button-content-wrapper\">\n\t\t\t\t\t\t\t\t\t<span class=\"elementor-button-text\">Mehr erfahren<\/span>\n\t\t\t\t\t<\/span>\n\t\t\t\t\t<\/a>\n\t\t\t\t<\/div>\n\t\t\t\t\t\t\t\t<\/div>\n\t\t\t\t<\/div>\n\t\t\t\t\t<\/div>\n\t\t<\/div>\n\t\t\t\t<div class=\"elementor-column elementor-col-25 elementor-top-column elementor-element elementor-element-553d0b3\" data-id=\"553d0b3\" data-element_type=\"column\">\n\t\t\t<div class=\"elementor-widget-wrap elementor-element-populated\">\n\t\t\t\t\t\t<div class=\"elementor-element elementor-element-b9778a4 elementor-invisible elementor-widget elementor-widget-image\" data-id=\"b9778a4\" data-element_type=\"widget\" data-settings=\"{&quot;_animation&quot;:&quot;fadeInUp&quot;}\" data-widget_type=\"image.default\">\n\t\t\t\t<div class=\"elementor-widget-container\">\n\t\t\t\t\t\t\t\t\t\t\t\t\t\t\t\t<a href=\"https:\/\/programs.windowsandoffice.com\/de\/cash_advance\/\">\n\t\t\t\t\t\t\t<img decoding=\"async\" width=\"300\" height=\"300\" src=\"https:\/\/programs.windowsandoffice.com\/wp-content\/uploads\/2020\/03\/cashadvance-300x300-1.jpg\" class=\"attachment-large size-large wp-image-938\" alt=\"\" srcset=\"https:\/\/programs.windowsandoffice.com\/wp-content\/uploads\/2020\/03\/cashadvance-300x300-1.jpg 300w, https:\/\/programs.windowsandoffice.com\/wp-content\/uploads\/2020\/03\/cashadvance-300x300-1-150x150.jpg 150w\" sizes=\"(max-width: 300px) 100vw, 300px\" \/>\t\t\t\t\t\t\t\t<\/a>\n\t\t\t\t\t\t\t\t\t\t\t\t\t\t\t<\/div>\n\t\t\t\t<\/div>\n\t\t\t\t\t<\/div>\n\t\t<\/div>\n\t\t\t\t<div class=\"elementor-column elementor-col-25 elementor-top-column elementor-element elementor-element-5a50f05\" data-id=\"5a50f05\" data-element_type=\"column\">\n\t\t\t<div class=\"elementor-widget-wrap elementor-element-populated\">\n\t\t\t\t\t\t<div class=\"elementor-element elementor-element-05c522d elementor-invisible elementor-widget elementor-widget-heading\" data-id=\"05c522d\" data-element_type=\"widget\" data-settings=\"{&quot;_animation&quot;:&quot;fadeInRight&quot;}\" data-widget_type=\"heading.default\">\n\t\t\t\t<div class=\"elementor-widget-container\">\n\t\t\t\t\t<h2 class=\"elementor-heading-title elementor-size-default\">Preisvergleich<\/h2>\t\t\t\t<\/div>\n\t\t\t\t<\/div>\n\t\t\t\t<div class=\"elementor-element elementor-element-e752dbe elementor-invisible elementor-widget elementor-widget-text-editor\" data-id=\"e752dbe\" data-element_type=\"widget\" data-settings=\"{&quot;_animation&quot;:&quot;fadeInRight&quot;}\" data-widget_type=\"text-editor.default\">\n\t\t\t\t<div class=\"elementor-widget-container\">\n\t\t\t\t\t\t\t\t\t<ul>\n<li>Wir bieten unseren Kunden ein Tool, das unseren Kunden erm\u00f6glicht, die Produkte unseres Shops mit anderen sehr genau und in Echtzeit zu vergleichen. Sie finden auch Links zu weiteren Shops, um pr\u00fcfen zu k\u00f6nnen, dass Sie bei uns sowohl beim Preis als auch bei der Leistung die beste Wahl haben. <\/li>\n<\/ul>\t\t\t\t\t\t\t\t<\/div>\n\t\t\t\t<\/div>\n\t\t\t\t<div class=\"elementor-element elementor-element-4dc4b2e elementor-align-right elementor-invisible elementor-widget elementor-widget-button\" data-id=\"4dc4b2e\" data-element_type=\"widget\" data-settings=\"{&quot;_animation&quot;:&quot;fadeInRight&quot;}\" data-widget_type=\"button.default\">\n\t\t\t\t<div class=\"elementor-widget-container\">\n\t\t\t\t\t\t\t\t\t<div class=\"elementor-button-wrapper\">\n\t\t\t\t\t<a class=\"elementor-button elementor-button-link elementor-size-sm\" href=\"https:\/\/programs.windowsandoffice.com\/de\/price-comparison\/\">\n\t\t\t\t\t\t<span class=\"elementor-button-content-wrapper\">\n\t\t\t\t\t\t\t\t\t<span class=\"elementor-button-text\">Mehr erfahren<\/span>\n\t\t\t\t\t<\/span>\n\t\t\t\t\t<\/a>\n\t\t\t\t<\/div>\n\t\t\t\t\t\t\t\t<\/div>\n\t\t\t\t<\/div>\n\t\t\t\t\t<\/div>\n\t\t<\/div>\n\t\t\t\t<div class=\"elementor-column elementor-col-25 elementor-top-column elementor-element elementor-element-c25e6e6\" data-id=\"c25e6e6\" data-element_type=\"column\">\n\t\t\t<div class=\"elementor-widget-wrap elementor-element-populated\">\n\t\t\t\t\t\t<div class=\"elementor-element elementor-element-b21a56f elementor-invisible elementor-widget elementor-widget-image\" data-id=\"b21a56f\" data-element_type=\"widget\" data-settings=\"{&quot;_animation&quot;:&quot;fadeInRight&quot;}\" data-widget_type=\"image.default\">\n\t\t\t\t<div class=\"elementor-widget-container\">\n\t\t\t\t\t\t\t\t\t\t\t\t\t\t\t\t<a href=\"https:\/\/programs.windowsandoffice.com\/de\/price-comparison\/\">\n\t\t\t\t\t\t\t<img loading=\"lazy\" decoding=\"async\" width=\"300\" height=\"300\" src=\"https:\/\/programs.windowsandoffice.com\/wp-content\/uploads\/2020\/03\/compare-prices-300x300-1.jpg\" class=\"attachment-large size-large wp-image-939\" alt=\"\" srcset=\"https:\/\/programs.windowsandoffice.com\/wp-content\/uploads\/2020\/03\/compare-prices-300x300-1.jpg 300w, https:\/\/programs.windowsandoffice.com\/wp-content\/uploads\/2020\/03\/compare-prices-300x300-1-150x150.jpg 150w\" sizes=\"(max-width: 300px) 100vw, 300px\" \/>\t\t\t\t\t\t\t\t<\/a>\n\t\t\t\t\t\t\t\t\t\t\t\t\t\t\t<\/div>\n\t\t\t\t<\/div>\n\t\t\t\t\t<\/div>\n\t\t<\/div>\n\t\t\t\t\t<\/div>\n\t\t<\/section>\n\t\t\t\t<\/div>","protected":false},"excerpt":{"rendered":"<p>WINDOWS &#038; OFFICE PROGRAMS \u00danase a la familia de Windows &amp; Office registr\u00e1ndose en nuestros programas para obtener los mejores [&hellip;]<\/p>","protected":false},"author":1,"featured_media":0,"parent":0,"menu_order":1,"comment_status":"closed","ping_status":"closed","template":"","meta":{"footnotes":""},"class_list":["post-922","page","type-page","status-publish","hentry"],"_links":{"self":[{"href":"https:\/\/programs.windowsandoffice.com\/de\/wp-json\/wp\/v2\/pages\/922","targetHints":{"allow":["GET"]}}],"collection":[{"href":"https:\/\/programs.windowsandoffice.com\/de\/wp-json\/wp\/v2\/pages"}],"about":[{"href":"https:\/\/programs.windowsandoffice.com\/de\/wp-json\/wp\/v2\/types\/page"}],"author":[{"embeddable":true,"href":"https:\/\/programs.windowsandoffice.com\/de\/wp-json\/wp\/v2\/users\/1"}],"replies":[{"embeddable":true,"href":"https:\/\/programs.windowsandoffice.com\/de\/wp-json\/wp\/v2\/comments?post=922"}],"version-history":[{"count":82,"href":"https:\/\/programs.windowsandoffice.com\/de\/wp-json\/wp\/v2\/pages\/922\/revisions"}],"predecessor-version":[{"id":1531,"href":"https:\/\/programs.windowsandoffice.com\/de\/wp-json\/wp\/v2\/pages\/922\/revisions\/1531"}],"wp:attachment":[{"href":"https:\/\/programs.windowsandoffice.com\/de\/wp-json\/wp\/v2\/media?parent=922"}],"curies":[{"name":"wp","href":"https:\/\/api.w.org\/{rel}","templated":true}]}}